{"id":2,"date":"2025-04-18T17:16:50","date_gmt":"2025-04-18T17:16:50","guid":{"rendered":"http:\/\/montalfan.local\/?page_id=2"},"modified":"2025-04-21T00:40:50","modified_gmt":"2025-04-21T00:40:50","slug":"sample-page","status":"publish","type":"page","link":"https:\/\/montalfan.com\/en\/sample-page\/","title":{"rendered":"Quienes Somos"},"content":{"rendered":"<p><\/p>\n\n\n\n<h3 class=\"wp-block-heading\">\u00a1Bienvenidos a Montalfan!<\/h3>\n\n\n\n<p>Montalfan es una tienda dedicada al mundo de los <strong>Trading Card Games (TCG)<\/strong>. Aunque ofrecemos productos y contenido de muchos juegos, <strong>nuestra gran especialidad es Dragon Ball Super Card Game<\/strong>. Nos apasiona el juego y trabajamos cada d\u00eda para ofrecer el mejor servicio posible a nuestros clientes.<\/p>\n\n\n\n<p>Adem\u00e1s de proporcionar material de DBS y otros juegos, nos mantenemos al d\u00eda con las novedades: actualizaciones de reglas, nuevos sets, torneos y eventos destacados.<\/p>\n\n\n\n<p>Tambi\u00e9n apoyamos a los nuevos jugadores con tutoriales, mazos de ejemplo y contenido educativo que pod\u00e9is encontrar en nuestro canal de YouTube:<br><a class=\"\" href=\"https:\/\/www.youtube.com\/c\/Montalfan\/featured\"><strong>Montalfan \u2013 Youtube<\/strong><\/a><\/p>\n\n\n\n<p>Os animamos a suscribiros para no perderos nada.<\/p>\n\n\n\n<hr class=\"wp-block-separator has-alpha-channel-opacity\"\/>\n\n\n\n<h3 class=\"wp-block-heading\">Torneos y Comunidad<\/h3>\n\n\n\n<p>En Montalfan organizamos <strong>torneos online y presenciales<\/strong> de forma regular. Son accesibles, amenos y pensados para disfrutar sin importar el nivel del jugador.<\/p>\n\n\n\n<p>Contamos con una comunidad activa y amable que se re\u00fane diariamente para jugar por webcam en nuestro <strong>canal de Discord<\/strong>, donde tambi\u00e9n realizamos torneos. Muchos miembros estar\u00e1n encantados de ayudar a nuevos jugadores para que todos crezcamos juntos.<br>Puedes unirte f\u00e1cilmente haciendo clic <a class=\"\" href=\"https:\/\/discord.com\/invite\/cBchg54eEr\"><strong>aqu\u00ed<\/strong><\/a><\/p>\n\n\n\n<hr class=\"wp-block-separator has-alpha-channel-opacity\"\/>\n\n\n\n<h3 class=\"wp-block-heading\">Somos jugadores como t\u00fa<\/h3>\n\n\n\n<p>En Montalfan no solo distribuimos producto, tambi\u00e9n somos <strong>jugadores activos<\/strong>. Participamos en eventos, colaboramos con la comunidad y compartimos la pasi\u00f3n por los TCGs.<\/p>\n\n\n\n<p>Adem\u00e1s, si buscas cartas sueltas, puedes visitar nuestro perfil en CardMarket:<br>\ud83d\uded2 <a class=\"\" href=\"https:\/\/www.cardmarket.com\/es\/DragonBallSuper\/Users\/Montalfan\"><strong>Montalfan | CardMarket<\/strong><\/a><\/p>\n\n\n\n<hr class=\"wp-block-separator has-alpha-channel-opacity\"\/>\n\n\n\n<h3 class=\"wp-block-heading\"><\/h3>\n\n\n\n<div style=\"font-family: 'Poppins', sans-serif;\">\n  <h2>Conecta con nosotros<\/h2>\n  <p>\n    <img decoding=\"async\" src=\"https:\/\/upload.wikimedia.org\/wikipedia\/commons\/a\/a5\/Instagram_icon.png\" alt=\"Instagram\" width=\"20\" style=\"vertical-align: middle; margin-right: 8px;\" \/>\n    <a href=\"https:\/\/www.instagram.com\/montalfan\/\" target=\"_blank\">Instagram<\/a>\n  <\/p>\n  <p>\n    <img decoding=\"async\" src=\"https:\/\/cdn-icons-png.flaticon.com\/512\/5968\/5968958.png\" alt=\"X\" width=\"20\" style=\"vertical-align: middle; margin-right: 8px;\" \/>\n    <a href=\"https:\/\/x.com\/MontalFan\" target=\"_blank\">X (Twitter)<\/a>\n  <\/p>\n  <p>\n    <img decoding=\"async\" src=\"https:\/\/cdn-icons-png.flaticon.com\/512\/732\/732200.png\" alt=\"Gmail\" width=\"20\" style=\"vertical-align: middle; margin-right: 8px;\" \/>\n    Email: <a href=\"mailto:montalfanshop@gmail.com\">montalfanshop@gmail.com<\/a>\n  <\/p>\n  <p>\n    <img decoding=\"async\" src=\"https:\/\/cdn-icons-png.flaticon.com\/512\/733\/733585.png\" alt=\"WhatsApp\" width=\"20\" style=\"vertical-align: middle; margin-right: 8px;\" \/>\n    WhatsApp: al pie de esta web\n  <\/p>\n  <p>\n    <img decoding=\"async\" src=\"https:\/\/cdn-icons-png.flaticon.com\/512\/5968\/5968756.png\" alt=\"Discord\" width=\"20\" style=\"vertical-align: middle; margin-right: 8px;\" \/>\n    <a href=\"https:\/\/discord.com\/invite\/cBchg54eEr\" target=\"_blank\">Discord: Unirse a la comunidad<\/a>\n  <\/p>\n<\/div>\n\n\n\n<hr class=\"wp-block-separator has-alpha-channel-opacity\"\/>\n\n\n\n<h3 class=\"wp-block-heading\">Gracias por formar parte de esta comunidad.<\/h3>\n\n\n\n<p><strong>\u00a1Prepara tu mazo y \u00fanete al juego organizado con Montalfan!<\/strong><\/p>\n\n\n\n<p><\/p>","protected":false},"excerpt":{"rendered":"<p>\u00a1Bienvenidos a Montalfan! Montalfan es una tienda dedicada al mundo de los Trading Card Games (TCG). Aunque ofrecemos productos y [&hellip;]<\/p>\n","protected":false},"author":1,"featured_media":0,"parent":0,"menu_order":0,"comment_status":"closed","ping_status":"open","template":"","meta":{"_uag_custom_page_level_css":"","site-sidebar-layout":"default","site-content-layout":"","ast-site-content-layout":"","site-content-style":"default","site-sidebar-style":"default","ast-global-header-display":"","ast-banner-title-visibility":"","ast-main-header-display":"","ast-hfb-above-header-display":"","ast-hfb-below-header-display":"","ast-hfb-mobile-header-display":"","site-post-title":"disabled","ast-breadcrumbs-content":"","ast-featured-img":"","footer-sml-layout":"","ast-disable-related-posts":"","theme-transparent-header-meta":"","adv-header-id-meta":"","stick-header-meta":"","header-above-stick-meta":"","header-main-stick-meta":"","header-below-stick-meta":"","astra-migrate-meta-layouts":"default","ast-page-background-enabled":"default","ast-page-background-meta":{"desktop":{"background-color":"var(--ast-global-color-5)","background-image":"","background-repeat":"repeat","background-position":"center center","background-size":"auto","background-attachment":"scroll","background-type":"","background-media":"","overlay-type":"","overlay-color":"","overlay-opacity":"","overlay-gradient":""},"tablet":{"background-color":"","background-image":"","background-repeat":"repeat","background-position":"center center","background-size":"auto","background-attachment":"scroll","background-type":"","background-media":"","overlay-type":"","overlay-color":"","overlay-opacity":"","overlay-gradient":""},"mobile":{"background-color":"","background-image":"","background-repeat":"repeat","background-position":"center center","background-size":"auto","background-attachment":"scroll","background-type":"","background-media":"","overlay-type":"","overlay-color":"","overlay-opacity":"","overlay-gradient":""}},"ast-content-background-meta":{"desktop":{"background-color":"var(--ast-global-color-4)","background-image":"","background-repeat":"repeat","background-position":"center center","background-size":"auto","background-attachment":"scroll","background-type":"","background-media":"","overlay-type":"","overlay-color":"","overlay-opacity":"","overlay-gradient":""},"tablet":{"background-color":"var(--ast-global-color-4)","background-image":"","background-repeat":"repeat","background-position":"center center","background-size":"auto","background-attachment":"scroll","background-type":"","background-media":"","overlay-type":"","overlay-color":"","overlay-opacity":"","overlay-gradient":""},"mobile":{"background-color":"var(--ast-global-color-4)","background-image":"","background-repeat":"repeat","background-position":"center center","background-size":"auto","background-attachment":"scroll","background-type":"","background-media":"","overlay-type":"","overlay-color":"","overlay-opacity":"","overlay-gradient":""}},"footnotes":""},"class_list":["post-2","page","type-page","status-publish","hentry"],"uagb_featured_image_src":{"full":false,"thumbnail":false,"medium":false,"medium_large":false,"large":false,"1536x1536":false,"2048x2048":false,"trp-custom-language-flag":false,"woocommerce_thumbnail":false,"woocommerce_single":false,"woocommerce_gallery_thumbnail":false,"dgwt-wcas-product-suggestion":false},"uagb_author_info":{"display_name":"Montalfan","author_link":"https:\/\/montalfan.com\/en\/author\/montalfan\/"},"uagb_comment_info":0,"uagb_excerpt":"\u00a1Bienvenidos a Montalfan! Montalfan es una tienda dedicada al mundo de los Trading Card Games (TCG). Aunque ofrecemos productos y [&hellip;]","_links":{"self":[{"href":"https:\/\/montalfan.com\/en\/wp-json\/wp\/v2\/pages\/2","targetHints":{"allow":["GET"]}}],"collection":[{"href":"https:\/\/montalfan.com\/en\/wp-json\/wp\/v2\/pages"}],"about":[{"href":"https:\/\/montalfan.com\/en\/wp-json\/wp\/v2\/types\/page"}],"author":[{"embeddable":true,"href":"https:\/\/montalfan.com\/en\/wp-json\/wp\/v2\/users\/1"}],"replies":[{"embeddable":true,"href":"https:\/\/montalfan.com\/en\/wp-json\/wp\/v2\/comments?post=2"}],"version-history":[{"count":19,"href":"https:\/\/montalfan.com\/en\/wp-json\/wp\/v2\/pages\/2\/revisions"}],"predecessor-version":[{"id":514,"href":"https:\/\/montalfan.com\/en\/wp-json\/wp\/v2\/pages\/2\/revisions\/514"}],"wp:attachment":[{"href":"https:\/\/montalfan.com\/en\/wp-json\/wp\/v2\/media?parent=2"}],"curies":[{"name":"wp","href":"https:\/\/api.w.org\/{rel}","templated":true}]}}