{"id":566,"date":"2025-04-21T13:38:12","date_gmt":"2025-04-21T13:38:12","guid":{"rendered":"http:\/\/montalfan.local\/?page_id=566"},"modified":"2025-04-21T14:03:15","modified_gmt":"2025-04-21T14:03:15","slug":"aviso-legal","status":"publish","type":"page","link":"https:\/\/montalfan.com\/en\/aviso-legal\/","title":{"rendered":"Aviso Legal"},"content":{"rendered":"<p>Este sitio web <a>www.montalfan.com<\/a> es propiedad de Montalfan, con domicilio en C\/Santaella 54, Casa: 4, La Rambla (C\u00f3rdoba), CIF: B15451755, y correo electr\u00f3nico de contacto: <a>montalfanshop@gmail.com<\/a>.<\/p>\n\n\n\n<p><strong>Objeto<\/strong><\/p>\n\n\n\n<p>El presente aviso legal regula el uso del sitio web <a>www.montalfan.com<\/a>, que Montalfan pone a disposici\u00f3n de los usuarios de Internet con el fin de ofrecer informaci\u00f3n sobre sus productos, servicios y actividad comercial.<\/p>\n\n\n\n<p><strong>Condiciones de Uso<\/strong><\/p>\n\n\n\n<p>El acceso y navegaci\u00f3n por este sitio web atribuye la condici\u00f3n de Usuario e implica la aceptaci\u00f3n plena y sin reservas de las condiciones de uso recogidas en este Aviso Legal.<\/p>\n\n\n\n<p>El Usuario se compromete a utilizar este sitio web de conformidad con la ley, la moral, el orden p\u00fablico y las presentes condiciones, absteni\u00e9ndose de realizar cualquier acto que pueda da\u00f1ar la imagen, los intereses o los derechos de Montalfan o de terceros.<\/p>\n\n\n\n<p><strong>Propiedad Intelectual e Industrial<\/strong><\/p>\n\n\n\n<p>Todos los contenidos del sitio web, incluyendo textos, im\u00e1genes, dise\u00f1o gr\u00e1fico, c\u00f3digo fuente, logotipos, marcas, etc., son propiedad exclusiva de Montalfan o de terceros autorizados y est\u00e1n protegidos por la normativa de propiedad intelectual e industrial.<\/p>\n\n\n\n<p>Queda prohibida su reproducci\u00f3n, distribuci\u00f3n o transformaci\u00f3n sin la autorizaci\u00f3n expresa del titular de los derechos.<\/p>\n\n\n\n<p><strong>Exclusi\u00f3n de Responsabilidad<\/strong><\/p>\n\n\n\n<p>Montalfan no se responsabiliza de los errores u omisiones en los contenidos del sitio web ni de los da\u00f1os derivados del uso del mismo, ni garantiza la ausencia de virus u otros elementos que puedan producir alteraciones en los sistemas inform\u00e1ticos.<\/p>\n\n\n\n<p><strong>Enlaces a Terceros<\/strong><\/p>\n\n\n\n<p>Este sitio puede contener enlaces a p\u00e1ginas externas sobre las cuales Montalfan no tiene control. No se responsabiliza de los contenidos, condiciones de uso o pol\u00edticas de privacidad de dichas p\u00e1ginas.<\/p>\n\n\n\n<p><strong>Modificaciones del Aviso Legal<\/strong><\/p>\n\n\n\n<p>Montalfan se reserva el derecho de modificar, en cualquier momento y sin previo aviso, la presentaci\u00f3n y configuraci\u00f3n del sitio web, as\u00ed como este Aviso Legal.<\/p>\n\n\n\n<p><strong>Legislaci\u00f3n Aplicable y Jurisdicci\u00f3n<\/strong><\/p>\n\n\n\n<p>Este Aviso Legal se rige por la legislaci\u00f3n espa\u00f1ola. Para la resoluci\u00f3n de cualquier conflicto que pudiera derivarse del acceso o uso de este sitio web, las partes se someten a los Juzgados y Tribunales de C\u00f3rdoba, salvo disposici\u00f3n legal en contrario.<\/p>","protected":false},"excerpt":{"rendered":"<p>Este sitio web www.montalfan.com es propiedad de Montalfan, con domicilio en C\/Santaella 54, Casa: 4, La Rambla (C\u00f3rdoba), CIF: B15451755, [&hellip;]<\/p>\n","protected":false},"author":1,"featured_media":0,"parent":0,"menu_order":0,"comment_status":"closed","ping_status":"closed","template":"","meta":{"_uag_custom_page_level_css":"","site-sidebar-layout":"default","site-content-layout":"","ast-site-content-layout":"default","site-content-style":"default","site-sidebar-style":"default","ast-global-header-display":"","ast-banner-title-visibility":"","ast-main-header-display":"","ast-hfb-above-header-display":"","ast-hfb-below-header-display":"","ast-hfb-mobile-header-display":"","site-post-title":"","ast-breadcrumbs-content":"","ast-featured-img":"","footer-sml-layout":"","ast-disable-related-posts":"","theme-transparent-header-meta":"","adv-header-id-meta":"","stick-header-meta":"","header-above-stick-meta":"","header-main-stick-meta":"","header-below-stick-meta":"","astra-migrate-meta-layouts":"default","ast-page-background-enabled":"default","ast-page-background-meta":{"desktop":{"background-color":"var(--ast-global-color-5)","background-image":"","background-repeat":"repeat","background-position":"center center","background-size":"auto","background-attachment":"scroll","background-type":"","background-media":"","overlay-type":"","overlay-color":"","overlay-opacity":"","overlay-gradient":""},"tablet":{"background-color":"","background-image":"","background-repeat":"repeat","background-position":"center center","background-size":"auto","background-attachment":"scroll","background-type":"","background-media":"","overlay-type":"","overlay-color":"","overlay-opacity":"","overlay-gradient":""},"mobile":{"background-color":"","background-image":"","background-repeat":"repeat","background-position":"center center","background-size":"auto","background-attachment":"scroll","background-type":"","background-media":"","overlay-type":"","overlay-color":"","overlay-opacity":"","overlay-gradient":""}},"ast-content-background-meta":{"desktop":{"background-color":"var(--ast-global-color-4)","background-image":"","background-repeat":"repeat","background-position":"center center","background-size":"auto","background-attachment":"scroll","background-type":"","background-media":"","overlay-type":"","overlay-color":"","overlay-opacity":"","overlay-gradient":""},"tablet":{"background-color":"var(--ast-global-color-4)","background-image":"","background-repeat":"repeat","background-position":"center center","background-size":"auto","background-attachment":"scroll","background-type":"","background-media":"","overlay-type":"","overlay-color":"","overlay-opacity":"","overlay-gradient":""},"mobile":{"background-color":"var(--ast-global-color-4)","background-image":"","background-repeat":"repeat","background-position":"center center","background-size":"auto","background-attachment":"scroll","background-type":"","background-media":"","overlay-type":"","overlay-color":"","overlay-opacity":"","overlay-gradient":""}},"footnotes":""},"class_list":["post-566","page","type-page","status-publish","hentry"],"uagb_featured_image_src":{"full":false,"thumbnail":false,"medium":false,"medium_large":false,"large":false,"1536x1536":false,"2048x2048":false,"trp-custom-language-flag":false,"woocommerce_thumbnail":false,"woocommerce_single":false,"woocommerce_gallery_thumbnail":false,"dgwt-wcas-product-suggestion":false},"uagb_author_info":{"display_name":"Montalfan","author_link":"https:\/\/montalfan.com\/en\/author\/montalfan\/"},"uagb_comment_info":0,"uagb_excerpt":"Este sitio web www.montalfan.com es propiedad de Montalfan, con domicilio en C\/Santaella 54, Casa: 4, La Rambla (C\u00f3rdoba), CIF: B15451755, [&hellip;]","_links":{"self":[{"href":"https:\/\/montalfan.com\/en\/wp-json\/wp\/v2\/pages\/566","targetHints":{"allow":["GET"]}}],"collection":[{"href":"https:\/\/montalfan.com\/en\/wp-json\/wp\/v2\/pages"}],"about":[{"href":"https:\/\/montalfan.com\/en\/wp-json\/wp\/v2\/types\/page"}],"author":[{"embeddable":true,"href":"https:\/\/montalfan.com\/en\/wp-json\/wp\/v2\/users\/1"}],"replies":[{"embeddable":true,"href":"https:\/\/montalfan.com\/en\/wp-json\/wp\/v2\/comments?post=566"}],"version-history":[{"count":2,"href":"https:\/\/montalfan.com\/en\/wp-json\/wp\/v2\/pages\/566\/revisions"}],"predecessor-version":[{"id":575,"href":"https:\/\/montalfan.com\/en\/wp-json\/wp\/v2\/pages\/566\/revisions\/575"}],"wp:attachment":[{"href":"https:\/\/montalfan.com\/en\/wp-json\/wp\/v2\/media?parent=566"}],"curies":[{"name":"wp","href":"https:\/\/api.w.org\/{rel}","templated":true}]}}