{"id":603,"date":"2025-04-21T14:45:11","date_gmt":"2025-04-21T14:45:11","guid":{"rendered":"http:\/\/montalfan.local\/?page_id=603"},"modified":"2025-04-21T14:49:07","modified_gmt":"2025-04-21T14:49:07","slug":"cookies","status":"publish","type":"page","link":"https:\/\/montalfan.com\/en\/cookies\/","title":{"rendered":"Cookies"},"content":{"rendered":"<p><\/p>\n\n\n\n<h2 class=\"wp-block-heading\"><br><strong>Pol\u00edtica de Privacidad y Cookies<\/strong><\/h2>\n\n\n\n<p><strong>Pol\u00edtica de Privacidad<\/strong><\/p>\n\n\n\n<p>El responsable del tratamiento de los datos en Montalfan es el siguiente:<\/p>\n\n\n\n<ul class=\"wp-block-list\">\n<li><strong>Nombre Comercial:<\/strong> Montalfan<\/li>\n\n\n\n<li><strong>Nombre del Dominio:<\/strong> <a>www.montalfan.com<\/a><\/li>\n\n\n\n<li><strong>Nombre del Contacto:<\/strong> Rafael Urbano Ruz<\/li>\n\n\n\n<li><strong>Tel\u00e9fono:<\/strong> 684094824<\/li>\n\n\n\n<li><strong>Correo Electr\u00f3nico:<\/strong> <a>montalfanshop@gmail.com<\/a><\/li>\n\n\n\n<li><strong>CIF:<\/strong> B15451755<\/li>\n\n\n\n<li><strong>Domicilio:<\/strong> C\/Santaella 54, Local A<\/li>\n\n\n\n<li><strong>Localidad:<\/strong> La Rambla (C\u00f3rdoba)<\/li>\n<\/ul>\n\n\n\n<p><strong>Tratamiento de Datos<\/strong><\/p>\n\n\n\n<p>Seg\u00fan el Reglamento Europeo 2016\/679 General de Protecci\u00f3n de Datos, Montalfan usar\u00e1 sus datos para los siguientes fines:<\/p>\n\n\n\n<ul class=\"wp-block-list\">\n<li>La gesti\u00f3n total o parcial de los servicios que solicite en nuestra Web, como pueden ser torneos, facturas, reservas, etc.<\/li>\n\n\n\n<li>Enviar informaci\u00f3n comercial sobre eventos, nuevos productos, promociones y otros servicios impulsados por Montalfan a su correo electr\u00f3nico, salvo que el cliente indique lo contrario o retire su consentimiento.<\/li>\n\n\n\n<li>Dar cumplimiento a las obligaciones legales que correspondan.<\/li>\n\n\n\n<li>Traspaso de datos a los Organismos y Autoridades pertinentes, cuando sean requeridos para cumplimentar la legislaci\u00f3n vigente.<\/li>\n<\/ul>\n\n\n\n<p><strong>Tipos de Datos<\/strong><\/p>\n\n\n\n<p>Montalfan gestionar\u00e1 los siguientes datos:<\/p>\n\n\n\n<ul class=\"wp-block-list\">\n<li>Metadatos<\/li>\n\n\n\n<li>Datos de Identificaci\u00f3n<\/li>\n\n\n\n<li>Datos de \u00cdndole Comercial, siempre y cuando el usuario proporcione datos de terceros con total consentimiento del propietario, por lo que Montalfan no se hace responsable de dichos datos.<\/li>\n<\/ul>\n\n\n\n<p>Montalfan conservar\u00e1 los datos tanto tiempo sea necesario, hasta cumplir con las finalidades para las que fueron destinados. Montalfan podr\u00e1 cambiar la Pol\u00edtica de Privacidad de esta p\u00e1gina web siempre y cuando lo considere necesario conforme a la ley vigente, notificando antes a los usuarios de la misma.<\/p>\n\n\n\n<p><strong>Pol\u00edtica de Cookies<\/strong><\/p>\n\n\n\n<p>Este sitio web utiliza cookies para mejorar la experiencia del usuario. Las cookies son peque\u00f1os archivos de texto que se almacenan en su dispositivo cuando visita una p\u00e1gina web.<\/p>\n\n\n\n<p>Las cookies que usamos pueden ser propias o de terceros, y se utilizan para:<\/p>\n\n\n\n<ul class=\"wp-block-list\">\n<li>Recordar sus preferencias y configuraciones.<\/li>\n\n\n\n<li>Analizar el tr\u00e1fico y comportamiento de los usuarios en la web.<\/li>\n\n\n\n<li>Mostrar contenido personalizado y publicidad basada en sus intereses.<\/li>\n<\/ul>\n\n\n\n<p>Montalfan usar\u00e1 las Cookies solo y exclusivamente para mejorar la experiencia de las personas que visiten nuestro sitio web los cuales son Recordar Accesos y Conocer H\u00e1bitos de Navegaci\u00f3n.<\/p>\n\n\n\n<p>Usted puede configurar su navegador para rechazar el uso de cookies, aunque esto podr\u00eda afectar el funcionamiento de algunas funcionalidades del sitio.<\/p>\n\n\n\n<p>Al continuar navegando en nuestro sitio, entendemos que acepta el uso de cookies conforme a esta Pol\u00edtica.<\/p>\n\n\n\n<p><\/p>","protected":false},"excerpt":{"rendered":"<p>Pol\u00edtica de Privacidad y Cookies Pol\u00edtica de Privacidad El responsable del tratamiento de los datos en Montalfan es el siguiente: [&hellip;]<\/p>\n","protected":false},"author":1,"featured_media":0,"parent":0,"menu_order":0,"comment_status":"closed","ping_status":"closed","template":"","meta":{"_uag_custom_page_level_css":"","site-sidebar-layout":"default","site-content-layout":"","ast-site-content-layout":"","site-content-style":"default","site-sidebar-style":"default","ast-global-header-display":"","ast-banner-title-visibility":"","ast-main-header-display":"","ast-hfb-above-header-display":"","ast-hfb-below-header-display":"","ast-hfb-mobile-header-display":"","site-post-title":"disabled","ast-breadcrumbs-content":"","ast-featured-img":"","footer-sml-layout":"","ast-disable-related-posts":"","theme-transparent-header-meta":"","adv-header-id-meta":"","stick-header-meta":"","header-above-stick-meta":"","header-main-stick-meta":"","header-below-stick-meta":"","astra-migrate-meta-layouts":"default","ast-page-background-enabled":"default","ast-page-background-meta":{"desktop":{"background-color":"var(--ast-global-color-5)","background-image":"","background-repeat":"repeat","background-position":"center center","background-size":"auto","background-attachment":"scroll","background-type":"","background-media":"","overlay-type":"","overlay-color":"","overlay-opacity":"","overlay-gradient":""},"tablet":{"background-color":"","background-image":"","background-repeat":"repeat","background-position":"center center","background-size":"auto","background-attachment":"scroll","background-type":"","background-media":"","overlay-type":"","overlay-color":"","overlay-opacity":"","overlay-gradient":""},"mobile":{"background-color":"","background-image":"","background-repeat":"repeat","background-position":"center center","background-size":"auto","background-attachment":"scroll","background-type":"","background-media":"","overlay-type":"","overlay-color":"","overlay-opacity":"","overlay-gradient":""}},"ast-content-background-meta":{"desktop":{"background-color":"var(--ast-global-color-4)","background-image":"","background-repeat":"repeat","background-position":"center center","background-size":"auto","background-attachment":"scroll","background-type":"","background-media":"","overlay-type":"","overlay-color":"","overlay-opacity":"","overlay-gradient":""},"tablet":{"background-color":"var(--ast-global-color-4)","background-image":"","background-repeat":"repeat","background-position":"center center","background-size":"auto","background-attachment":"scroll","background-type":"","background-media":"","overlay-type":"","overlay-color":"","overlay-opacity":"","overlay-gradient":""},"mobile":{"background-color":"var(--ast-global-color-4)","background-image":"","background-repeat":"repeat","background-position":"center center","background-size":"auto","background-attachment":"scroll","background-type":"","background-media":"","overlay-type":"","overlay-color":"","overlay-opacity":"","overlay-gradient":""}},"footnotes":""},"class_list":["post-603","page","type-page","status-publish","hentry"],"uagb_featured_image_src":{"full":false,"thumbnail":false,"medium":false,"medium_large":false,"large":false,"1536x1536":false,"2048x2048":false,"trp-custom-language-flag":false,"woocommerce_thumbnail":false,"woocommerce_single":false,"woocommerce_gallery_thumbnail":false,"dgwt-wcas-product-suggestion":false},"uagb_author_info":{"display_name":"Montalfan","author_link":"https:\/\/montalfan.com\/en\/author\/montalfan\/"},"uagb_comment_info":0,"uagb_excerpt":"Pol\u00edtica de Privacidad y Cookies Pol\u00edtica de Privacidad El responsable del tratamiento de los datos en Montalfan es el siguiente: [&hellip;]","_links":{"self":[{"href":"https:\/\/montalfan.com\/en\/wp-json\/wp\/v2\/pages\/603","targetHints":{"allow":["GET"]}}],"collection":[{"href":"https:\/\/montalfan.com\/en\/wp-json\/wp\/v2\/pages"}],"about":[{"href":"https:\/\/montalfan.com\/en\/wp-json\/wp\/v2\/types\/page"}],"author":[{"embeddable":true,"href":"https:\/\/montalfan.com\/en\/wp-json\/wp\/v2\/users\/1"}],"replies":[{"embeddable":true,"href":"https:\/\/montalfan.com\/en\/wp-json\/wp\/v2\/comments?post=603"}],"version-history":[{"count":3,"href":"https:\/\/montalfan.com\/en\/wp-json\/wp\/v2\/pages\/603\/revisions"}],"predecessor-version":[{"id":608,"href":"https:\/\/montalfan.com\/en\/wp-json\/wp\/v2\/pages\/603\/revisions\/608"}],"wp:attachment":[{"href":"https:\/\/montalfan.com\/en\/wp-json\/wp\/v2\/media?parent=603"}],"curies":[{"name":"wp","href":"https:\/\/api.w.org\/{rel}","templated":true}]}}